{"id":2190,"date":"2020-07-27T15:08:19","date_gmt":"2020-07-27T13:08:19","guid":{"rendered":"https:\/\/laville-padoin-avocats.fr\/?page_id=2190"},"modified":"2023-12-15T17:47:29","modified_gmt":"2023-12-15T16:47:29","slug":"honoraires","status":"publish","type":"page","link":"https:\/\/laville-padoin-avocats.fr\/?page_id=2190","title":{"rendered":"Honoraires"},"content":{"rendered":"<div class=\"fusion-fullwidth fullwidth-box fusion-builder-row-1 fusion-flex-container nonhundred-percent-fullwidth non-hundred-percent-height-scrolling\" style=\"background-color: rgba(255,255,255,0);background-position: center center;background-repeat: no-repeat;border-width: 0px 0px 0px 0px;border-color:#eae9e9;border-style:solid;\" ><div class=\"fusion-builder-row fusion-row fusion-flex-align-items-center\" style=\"max-width:1320.8px;margin-left: calc(-4% \/ 2 );margin-right: calc(-4% \/ 2 );\"><div class=\"fusion-layout-column fusion_builder_column fusion-builder-column-0 fusion_builder_column_2_5 2_5 fusion-flex-column\"><div class=\"fusion-column-wrapper fusion-flex-justify-content-center fusion-content-layout-column\" style=\"background-position:left top;background-repeat:no-repeat;-webkit-background-size:cover;-moz-background-size:cover;-o-background-size:cover;background-size:cover;padding: 0px 0px 0px 0px;\"><style type=\"text\/css\">@media only screen and (max-width:1024px) {.fusion-title.fusion-title-1{margin-top:0px!important;margin-bottom:10px!important;}}@media only screen and (max-width:640px) {.fusion-title.fusion-title-1{margin-top:8px!important;margin-bottom:10PX!important;}}<\/style><div class=\"fusion-title title fusion-title-1 fusion-sep-none fusion-title-text fusion-title-size-six\" style=\"margin-top:0px;margin-bottom:10px;\"><h6 class=\"title-heading-left\" style=\"margin:0;color:#a61e34;\">HONORAIRES AVOCAT FAMILLE MONTPELLIER<\/h6><\/div><style type=\"text\/css\">@media only screen and (max-width:1024px) {.fusion-title.fusion-title-2{margin-top:8px!important;margin-bottom:36px!important;}}@media only screen and (max-width:640px) {.fusion-title.fusion-title-2{margin-top:8px!important;margin-bottom:16px!important;}}<\/style><div class=\"fusion-title title fusion-title-2 fusion-sep-none fusion-title-text fusion-title-size-two\" style=\"margin-top:8px;margin-bottom:36px;\"><h2 class=\"title-heading-left\" style=\"margin:0;\"><span style=\"font-family: 'Work Sans'; font-weight: 300;\" data-fusion-font=\"true\" data-fusion-google-font=\"Work Sans\" data-fusion-google-variant=\"300\">Nos honoraires<\/span><\/h2><\/div><div class=\"fusion-text fusion-text-1\"><p>Au pr\u00e9alable et en amont d\u2019une \u00e9ventuelle proc\u00e9dure, Ma\u00eetre Laville vous recevra en consultation et sur rendez-vous dans son cabinet principal de Montpellier situ\u00e9 dans le quartier des Arceaux ou dans l\u2019un de ses cabinets secondaires situ\u00e9s \u00e0 Gignac et \u00e0 Clermont-L\u2019H\u00e9rault.<\/p>\n<p>Cette consultation sera l\u2019occasion de r\u00e9pondre \u00e0 toutes les questions que vous vous posez.<\/p>\n<p>Chaque proc\u00e9dure\/mission fera l\u2019objet d\u2019un devis pr\u00e9alable et \u00e9crit pr\u00e9sent\u00e9 au client avant toute intervention.<\/p>\n<p>Le cabinet s\u2019efforce de pr\u00e9voir le montant total des honoraires \u00e0 engager pour le traitement d\u2019un dossier afin de conna\u00eetre pr\u00e9cis\u00e9ment dans quelle mesure vous vous engagez.<\/p>\n<p>Le montant des honoraires est fix\u00e9 avant l\u2019ouverture du dossier et fera l\u2019objet d\u2019une convention d\u2019honoraires. Cette convention permet de pr\u00e9voir pr\u00e9cis\u00e9ment les modalit\u00e9s de facturation.<\/p>\n<p>\u00c9videmment aucun frais ne sera expos\u00e9 par le cabinet sans votre accord expr\u00e8s et pr\u00e9alable.<\/p>\n<\/div><div class=\"fusion-separator fusion-no-small-visibility fusion-no-medium-visibility fusion-full-width-sep\" style=\"align-self: center;margin-left: auto;margin-right: auto;margin-top:6%;width:100%;\"><\/div><\/div><\/div><style type=\"text\/css\">.fusion-body .fusion-builder-column-0{width:40% !important;margin-top : 25px;margin-bottom : 25px;}.fusion-builder-column-0 > .fusion-column-wrapper {padding-top : 0px !important;padding-right : 0px !important;margin-right : 2.4%;padding-bottom : 0px !important;padding-left : 0px !important;margin-left : 4.8%;}@media only screen and (max-width:1024px) {.fusion-body .fusion-builder-column-0{width:100% !important;margin-top : 0px;margin-bottom : 50px;}.fusion-builder-column-0 > .fusion-column-wrapper {margin-right : 1.92%;margin-left : 1.92%;}}@media only screen and (max-width:640px) {.fusion-body .fusion-builder-column-0{width:100% !important;order : 1;margin-bottom : 0px;}.fusion-builder-column-0 > .fusion-column-wrapper {margin-right : 1.92%;margin-left : 1.92%;}}<\/style><div class=\"fusion-layout-column fusion_builder_column fusion-builder-column-1 fusion_builder_column_1_1 1_1 fusion-flex-column fusion-no-medium-visibility fusion-no-large-visibility\"><div class=\"fusion-column-wrapper fusion-flex-justify-content-flex-start fusion-content-layout-column\" style=\"background-position:left top;background-repeat:no-repeat;-webkit-background-size:cover;-moz-background-size:cover;-o-background-size:cover;background-size:cover;padding: 0px 0px 0px 0px;\"><div ><span class=\" fusion-imageframe imageframe-none imageframe-1 hover-type-none\"><img decoding=\"async\" width=\"1600\" image_height=\"925\" image_id=\"2291\" alt=\"Avocat divorce notaire Montpellier\" title=\"Honoraires\" src=\"https:\/\/laville-padoin-avocats.fr\/wp-content\/uploads\/2020\/07\/Honoraires1-2.png\" data-orig-src=\"https:\/\/laville-padoin-avocats.fr\/wp-content\/uploads\/2020\/07\/Honoraires1-2.png\" class=\"lazyload img-responsive wp-image-2291\" srcset=\"data:image\/svg+xml,%3Csvg%20xmlns%3D%27http%3A%2F%2Fwww.w3.org%2F2000%2Fsvg%27%20width%3D%271600%27%20height%3D%27925%27%20viewBox%3D%270%200%201600%20925%27%3E%3Crect%20width%3D%271600%27%20height%3D%273925%27%20fill-opacity%3D%220%22%2F%3E%3C%2Fsvg%3E\" data-srcset=\"https:\/\/laville-padoin-avocats.fr\/wp-content\/uploads\/2020\/07\/Honoraires1-2-200x116.png 200w, https:\/\/laville-padoin-avocats.fr\/wp-content\/uploads\/2020\/07\/Honoraires1-2-400x231.png 400w, https:\/\/laville-padoin-avocats.fr\/wp-content\/uploads\/2020\/07\/Honoraires1-2-600x347.png 600w, https:\/\/laville-padoin-avocats.fr\/wp-content\/uploads\/2020\/07\/Honoraires1-2-800x463.png 800w, https:\/\/laville-padoin-avocats.fr\/wp-content\/uploads\/2020\/07\/Honoraires1-2-1200x694.png 1200w, https:\/\/laville-padoin-avocats.fr\/wp-content\/uploads\/2020\/07\/Honoraires1-2.png 1600w\" data-sizes=\"auto\" data-orig-sizes=\"(max-width: 1024px) 100vw, (max-width: 640px) 100vw, 1600px\" \/><\/span><\/div><\/div><\/div><style type=\"text\/css\">.fusion-body .fusion-builder-column-1{width:100% !important;margin-top : 25px;margin-bottom : 25px;}.fusion-builder-column-1 > .fusion-column-wrapper {padding-top : 0px !important;padding-right : 0px !important;margin-right : 1.92%;padding-bottom : 0px !important;padding-left : 0px !important;margin-left : 1.92%;}@media only screen and (max-width:1024px) {.fusion-body .fusion-builder-column-1{width:100% !important;order : 0;}.fusion-builder-column-1 > .fusion-column-wrapper {margin-right : 1.92%;margin-left : 1.92%;}}@media only screen and (max-width:640px) {.fusion-body .fusion-builder-column-1{width:100% !important;order : 0;}.fusion-builder-column-1 > .fusion-column-wrapper {margin-right : 1.92%;margin-left : 1.92%;}}<\/style><div class=\"fusion-layout-column fusion_builder_column fusion-builder-column-2 fusion_builder_column_3_5 3_5 fusion-flex-column fusion-flex-align-self-flex-start\"><div class=\"fusion-column-wrapper fusion-flex-justify-content-center fusion-content-layout-column\" style=\"background-position:left top;background-repeat:no-repeat;-webkit-background-size:cover;-moz-background-size:cover;-o-background-size:cover;background-size:cover;padding: 0px 0px 0px 0px;\"><div class=\"fusion-builder-row fusion-builder-row-inner fusion-row fusion-flex-align-items-center\" style=\"width:104% !important;max-width:104% !important;margin-left: calc(-4% \/ 2 );margin-right: calc(-4% \/ 2 );\"><div class=\"fusion-layout-column fusion_builder_column_inner fusion-builder-nested-column-0 fusion_builder_column_inner_1_6 1_6 fusion-flex-column fusion-no-small-visibility\"><div class=\"fusion-column-wrapper fusion-flex-justify-content-flex-start fusion-content-layout-column\" style=\"background-position:left top;background-repeat:no-repeat;-webkit-background-size:cover;-moz-background-size:cover;-o-background-size:cover;background-size:cover;padding: 0px 0px 0px 0px;\"><\/div><\/div><style type=\"text\/css\">.fusion-body .fusion-builder-nested-column-0{width:16.666666666667% !important;margin-top : 25px;margin-bottom : 25px;}.fusion-builder-nested-column-0 > .fusion-column-wrapper {padding-top : 0px !important;padding-right : 0px !important;margin-right : 11.52%;padding-bottom : 0px !important;padding-left : 0px !important;margin-left : 11.52%;}@media only screen and (max-width:1024px) {.fusion-body .fusion-builder-nested-column-0{width:100% !important;order : 0;}.fusion-builder-nested-column-0 > .fusion-column-wrapper {margin-right : 1.92%;margin-left : 1.92%;}}@media only screen and (max-width:640px) {.fusion-body .fusion-builder-nested-column-0{width:100% !important;order : 0;}.fusion-builder-nested-column-0 > .fusion-column-wrapper {margin-right : 1.92%;margin-left : 1.92%;}}<\/style><div class=\"fusion-layout-column fusion_builder_column_inner fusion-builder-nested-column-1 fusion_builder_column_inner_5_6 5_6 fusion-flex-column fusion-flex-align-self-flex-start fusion-column-no-min-height fusion-no-small-visibility fusion-animated\" data-animationType=\"fadeIn\" data-animationDuration=\"0.3\" data-animationOffset=\"100%\"><div class=\"fusion-column-wrapper lazyload fusion-flex-justify-content-flex-start fusion-content-layout-column\" style=\"background-position:left top;background-repeat:no-repeat;-webkit-background-size:cover;-moz-background-size:cover;-o-background-size:cover;background-size:cover;padding: 0px 0px 0px 0px;\" data-bg-url=\"https:\/\/laville-padoin-avocats.fr\/wp-content\/uploads\/2020\/07\/Honoraires1-2.png\" data-bg-height=\"925\" data-bg-width=\"1600\" data-bg=\"https:\/\/laville-padoin-avocats.fr\/wp-content\/uploads\/2020\/07\/Honoraires1-2.png\"><div ><span class=\" fusion-imageframe imageframe-none imageframe-2 hover-type-zoomin\"><img decoding=\"async\" width=\"1600\" image_height=\"925\" image_id=\"2291\" alt=\"Avocat divorce notaire Montpellier\" title=\"Honoraires\" src=\"https:\/\/laville-padoin-avocats.fr\/wp-content\/uploads\/2020\/07\/Honoraires1-2.png\" data-orig-src=\"https:\/\/laville-padoin-avocats.fr\/wp-content\/uploads\/2020\/07\/Honoraires1-2.png\" class=\"lazyload img-responsive wp-image-2291\" srcset=\"data:image\/svg+xml,%3Csvg%20xmlns%3D%27http%3A%2F%2Fwww.w3.org%2F2000%2Fsvg%27%20width%3D%271600%27%20height%3D%27925%27%20viewBox%3D%270%200%201600%20925%27%3E%3Crect%20width%3D%271600%27%20height%3D%273925%27%20fill-opacity%3D%220%22%2F%3E%3C%2Fsvg%3E\" data-srcset=\"https:\/\/laville-padoin-avocats.fr\/wp-content\/uploads\/2020\/07\/Honoraires1-2-200x116.png 200w, https:\/\/laville-padoin-avocats.fr\/wp-content\/uploads\/2020\/07\/Honoraires1-2-400x231.png 400w, https:\/\/laville-padoin-avocats.fr\/wp-content\/uploads\/2020\/07\/Honoraires1-2-600x347.png 600w, https:\/\/laville-padoin-avocats.fr\/wp-content\/uploads\/2020\/07\/Honoraires1-2-800x463.png 800w, https:\/\/laville-padoin-avocats.fr\/wp-content\/uploads\/2020\/07\/Honoraires1-2-1200x694.png 1200w, https:\/\/laville-padoin-avocats.fr\/wp-content\/uploads\/2020\/07\/Honoraires1-2.png 1600w\" data-sizes=\"auto\" data-orig-sizes=\"(max-width: 1024px) 100vw, (max-width: 640px) 100vw, 1200px\" \/><\/span><\/div><\/div><\/div><style type=\"text\/css\">.fusion-body .fusion-builder-nested-column-1{width:83.333333333333% !important;margin-top : 25px;margin-bottom : 20px;}.fusion-builder-nested-column-1 > .fusion-column-wrapper {padding-top : 0px !important;padding-right : 0px !important;margin-right : 2.304%;padding-bottom : 0px !important;padding-left : 0px !important;margin-left : 2.304%;}@media only screen and (max-width:1024px) {.fusion-body .fusion-builder-nested-column-1{width:50% !important;margin-top : 0px;}.fusion-builder-nested-column-1 > .fusion-column-wrapper {margin-right : 3.84%;margin-left : 3.84%;}}@media only screen and (max-width:640px) {.fusion-body .fusion-builder-nested-column-1{width:50% !important;margin-top : 0px;margin-bottom : 0px;}.fusion-builder-nested-column-1 > .fusion-column-wrapper {margin-right : 3.84%;margin-left : 3.84%;}}<\/style><\/div><div class=\"fusion-builder-row fusion-builder-row-inner fusion-row fusion-flex-align-items-center\" style=\"width:104% !important;max-width:104% !important;margin-left: calc(-4% \/ 2 );margin-right: calc(-4% \/ 2 );\"><div class=\"fusion-layout-column fusion_builder_column_inner fusion-builder-nested-column-2 fusion_builder_column_inner_1_6 1_6 fusion-flex-column fusion-no-small-visibility\"><div class=\"fusion-column-wrapper fusion-flex-justify-content-flex-start fusion-content-layout-column\" style=\"background-position:left top;background-repeat:no-repeat;-webkit-background-size:cover;-moz-background-size:cover;-o-background-size:cover;background-size:cover;padding: 0px 0px 0px 0px;\"><\/div><\/div><style type=\"text\/css\">.fusion-body .fusion-builder-nested-column-2{width:16.666666666667% !important;margin-top : 25px;margin-bottom : 25px;}.fusion-builder-nested-column-2 > .fusion-column-wrapper {padding-top : 0px !important;padding-right : 0px !important;margin-right : 11.52%;padding-bottom : 0px !important;padding-left : 0px !important;margin-left : 11.52%;}@media only screen and (max-width:1024px) {.fusion-body .fusion-builder-nested-column-2{width:100% !important;order : 0;}.fusion-builder-nested-column-2 > .fusion-column-wrapper {margin-right : 1.92%;margin-left : 1.92%;}}@media only screen and (max-width:640px) {.fusion-body .fusion-builder-nested-column-2{width:100% !important;order : 0;}.fusion-builder-nested-column-2 > .fusion-column-wrapper {margin-right : 1.92%;margin-left : 1.92%;}}<\/style><div class=\"fusion-layout-column fusion_builder_column_inner fusion-builder-nested-column-3 fusion_builder_column_inner_5_6 5_6 fusion-flex-column fusion-animated\" data-animationType=\"slideInRight\" data-animationDuration=\"0.3\" data-animationOffset=\"100%\"><div class=\"fusion-column-wrapper fusion-flex-justify-content-flex-start fusion-content-layout-column\" style=\"background-position:left top;background-repeat:no-repeat;-webkit-background-size:cover;-moz-background-size:cover;-o-background-size:cover;background-size:cover;padding: 0px 0px 0px 0px;\"><ul class=\"fusion-checklist fusion-checklist-1 fusion-checklist-divider\" style=\"font-size:14px;line-height:23.8px;\"><li class=\"fusion-li-item\" style=\"border-bottom-color:rgba(40,45,51,0.1)\"><span style=\"height:23.8px;width:23.8px;margin-right:9.8px;\" class=\"icon-wrapper circle-no\"><i class=\"fusion-li-icon fa-check fas\" style=\"color:#a61e34;\" aria-hidden=\"true\"><\/i><\/span><div class=\"fusion-li-item-content\" style=\"margin-left:33.6px;\">\n<p>Devis pr\u00e9alable \u00e9crit pr\u00e9sent\u00e9 avant toute intervention<\/p>\n<\/div><\/li><li class=\"fusion-li-item\" style=\"border-bottom-color:rgba(40,45,51,0.1)\"><span style=\"height:23.8px;width:23.8px;margin-right:9.8px;\" class=\"icon-wrapper circle-no\"><i class=\"fusion-li-icon fa-check fas\" style=\"color:#a61e34;\" aria-hidden=\"true\"><\/i><\/span><div class=\"fusion-li-item-content\" style=\"margin-left:33.6px;\">\n<p>Montant d\u00e9fini \u00e0 l\u2019avance afin de pr\u00e9voir en amont le co\u00fbt de votre proc\u00e9dure<\/p>\n<\/div><\/li><li class=\"fusion-li-item\" style=\"border-bottom-color:rgba(40,45,51,0.1)\"><span style=\"height:23.8px;width:23.8px;margin-right:9.8px;\" class=\"icon-wrapper circle-no\"><i class=\"fusion-li-icon fa-check fas\" style=\"color:#a61e34;\" aria-hidden=\"true\"><\/i><\/span><div class=\"fusion-li-item-content\" style=\"margin-left:33.6px;\">\n<p>Convention d\u2019honoraires \u00e9tablie dans chaque dossier<\/p>\n<\/div><\/li><li class=\"fusion-li-item\" style=\"border-bottom-color:rgba(40,45,51,0.1)\"><span style=\"height:23.8px;width:23.8px;margin-right:9.8px;\" class=\"icon-wrapper circle-no\"><i class=\"fusion-li-icon fa-check fas\" style=\"color:#a61e34;\" aria-hidden=\"true\"><\/i><\/span><div class=\"fusion-li-item-content\" style=\"margin-left:33.6px;\">\n<p>Aucun frais expos\u00e9 par le cabinet sans votre accord expr\u00e8s et pr\u00e9alable<\/p>\n<\/div><\/li><li class=\"fusion-li-item\" style=\"border-bottom-color:rgba(40,45,51,0.1)\"><span style=\"height:23.8px;width:23.8px;margin-right:9.8px;\" class=\"icon-wrapper circle-no\"><i class=\"fusion-li-icon fa-check fas\" style=\"color:#a61e34;\" aria-hidden=\"true\"><\/i><\/span><div class=\"fusion-li-item-content\" style=\"margin-left:33.6px;\">\n<p>Facilit\u00e9 de paiement : possibilit\u00e9 de paiements \u00e9chelonn\u00e9s, aide juridictionnelle accept\u00e9e en fonction de la nature de l\u2019affaire<\/p>\n<\/div><\/li><\/ul><\/div><\/div><style type=\"text\/css\">.fusion-body .fusion-builder-nested-column-3{width:83.333333333333% !important;margin-top : 25px;margin-bottom : 25px;}.fusion-builder-nested-column-3 > .fusion-column-wrapper {padding-top : 0px !important;padding-right : 0px !important;margin-right : 2.304%;padding-bottom : 0px !important;padding-left : 0px !important;margin-left : 2.304%;}@media only screen and (max-width:1024px) {.fusion-body .fusion-builder-nested-column-3{width:100% !important;order : 0;}.fusion-builder-nested-column-3 > .fusion-column-wrapper {margin-right : 1.92%;margin-left : 1.92%;}}@media only screen and (max-width:640px) {.fusion-body .fusion-builder-nested-column-3{width:100% !important;order : 0;}.fusion-builder-nested-column-3 > .fusion-column-wrapper {margin-right : 1.92%;margin-left : 1.92%;}}<\/style><\/div><\/div><\/div><style type=\"text\/css\">.fusion-body .fusion-builder-column-2{width:60% !important;margin-top : 12px;margin-bottom : 12px;}.fusion-builder-column-2 > .fusion-column-wrapper {padding-top : 0px !important;padding-right : 0px !important;margin-right : 3.2%;padding-bottom : 0px !important;padding-left : 0px !important;margin-left : 11.52%;}@media only screen and (max-width:1024px) {.fusion-body .fusion-builder-column-2{width:100% !important;}.fusion-builder-column-2 > .fusion-column-wrapper {margin-right : 1.92%;margin-left : 1.92%;}}@media only screen and (max-width:640px) {.fusion-body .fusion-builder-column-2{width:100% !important;order : 2;margin-top : 0px;}.fusion-builder-column-2 > .fusion-column-wrapper {padding-top : 0px !important;margin-right : 1.92%;margin-left : 1.92%;}}<\/style><\/div><style type=\"text\/css\">.fusion-body .fusion-flex-container.fusion-builder-row-1{ padding-top : 0%;margin-top : -70px;padding-right : 20px;padding-bottom : 0px;margin-bottom : 0px;padding-left : 60px;}@media only screen and (max-width:640px) {.fusion-body .fusion-flex-container.fusion-builder-row-1{ padding-right : 30px;padding-left : 30px;}}<\/style><\/div>\n","protected":false},"excerpt":{"rendered":"","protected":false},"author":1,"featured_media":0,"parent":0,"menu_order":0,"comment_status":"closed","ping_status":"closed","template":"100-width.php","meta":{"footnotes":""},"class_list":["post-2190","page","type-page","status-publish","hentry"],"_links":{"self":[{"href":"https:\/\/laville-padoin-avocats.fr\/index.php?rest_route=\/wp\/v2\/pages\/2190","targetHints":{"allow":["GET"]}}],"collection":[{"href":"https:\/\/laville-padoin-avocats.fr\/index.php?rest_route=\/wp\/v2\/pages"}],"about":[{"href":"https:\/\/laville-padoin-avocats.fr\/index.php?rest_route=\/wp\/v2\/types\/page"}],"author":[{"embeddable":true,"href":"https:\/\/laville-padoin-avocats.fr\/index.php?rest_route=\/wp\/v2\/users\/1"}],"replies":[{"embeddable":true,"href":"https:\/\/laville-padoin-avocats.fr\/index.php?rest_route=%2Fwp%2Fv2%2Fcomments&post=2190"}],"version-history":[{"count":4,"href":"https:\/\/laville-padoin-avocats.fr\/index.php?rest_route=\/wp\/v2\/pages\/2190\/revisions"}],"predecessor-version":[{"id":2840,"href":"https:\/\/laville-padoin-avocats.fr\/index.php?rest_route=\/wp\/v2\/pages\/2190\/revisions\/2840"}],"wp:attachment":[{"href":"https:\/\/laville-padoin-avocats.fr\/index.php?rest_route=%2Fwp%2Fv2%2Fmedia&parent=2190"}],"curies":[{"name":"wp","href":"https:\/\/api.w.org\/{rel}","templated":true}]}}