{"id":2466,"date":"2020-07-30T12:18:53","date_gmt":"2020-07-30T10:18:53","guid":{"rendered":"https:\/\/laville-padoin-avocats.fr\/?page_id=2466"},"modified":"2023-12-15T17:57:59","modified_gmt":"2023-12-15T16:57:59","slug":"demande-de-prestation-compensatoire","status":"publish","type":"page","link":"https:\/\/laville-padoin-avocats.fr\/?page_id=2466","title":{"rendered":"Demande de prestation compensatoire"},"content":{"rendered":"<p><div class=\"fusion-fullwidth fullwidth-box fusion-builder-row-1 fusion-flex-container nonhundred-percent-fullwidth non-hundred-percent-height-scrolling\" style=\"background-color: rgba(255,255,255,0);background-position: center center;background-repeat: no-repeat;border-width: 0px 0px 0px 0px;border-color:#eae9e9;border-style:solid;\" ><div class=\"fusion-builder-row fusion-row fusion-flex-align-items-flex-start\" style=\"max-width:1320.8px;margin-left: calc(-4% \/ 2 );margin-right: calc(-4% \/ 2 );\"><div class=\"fusion-layout-column fusion_builder_column fusion-builder-column-0 fusion_builder_column_1_6 1_6 fusion-flex-column fusion-no-small-visibility\"><div class=\"fusion-column-wrapper fusion-flex-justify-content-flex-start fusion-content-layout-column\" style=\"background-position:left top;background-repeat:no-repeat;-webkit-background-size:cover;-moz-background-size:cover;-o-background-size:cover;background-size:cover;padding: 0px 0px 0px 0px;\"><\/div><\/div><style type=\"text\/css\">.fusion-body .fusion-builder-column-0{width:16.666666666667% !important;margin-top : 0px;margin-bottom : 5px;}.fusion-builder-column-0 > .fusion-column-wrapper {padding-top : 0px !important;padding-right : 0px !important;margin-right : 11.52%;padding-bottom : 0px !important;padding-left : 0px !important;margin-left : 11.52%;}@media only screen and (max-width:1024px) {.fusion-body .fusion-builder-column-0{width:100% !important;}.fusion-builder-column-0 > .fusion-column-wrapper {margin-right : 1.92%;margin-left : 1.92%;}}@media only screen and (max-width:640px) {.fusion-body .fusion-builder-column-0{width:100% !important;}.fusion-builder-column-0 > .fusion-column-wrapper {margin-right : 1.92%;margin-left : 1.92%;}}<\/style><div class=\"fusion-layout-column fusion_builder_column fusion-builder-column-1 fusion_builder_column_2_3 2_3 fusion-flex-column fusion-animated\" data-animationType=\"fadeIn\" data-animationDuration=\"0.3\" data-animationOffset=\"100%\"><div class=\"fusion-column-wrapper fusion-flex-justify-content-flex-start fusion-content-layout-column\" style=\"background-position:left top;background-repeat:no-repeat;-webkit-background-size:cover;-moz-background-size:cover;-o-background-size:cover;background-size:cover;padding: 0px 0px 0px 0px;\"><style type=\"text\/css\">@media only screen and (max-width:1024px) {.fusion-title.fusion-title-1{margin-top:0px!important;margin-bottom:16px!important;}}@media only screen and (max-width:640px) {.fusion-title.fusion-title-1{margin-top:0px!important;margin-bottom:16px!important;}}<\/style><div class=\"fusion-title title fusion-title-1 fusion-sep-none fusion-title-text fusion-title-size-two\" style=\"margin-top:0px;margin-bottom:16px;\"><h2 class=\"title-heading-left\" style=\"font-family:&quot;Work Sans&quot;;font-weight:300;margin:0;\">Demande de prestation compensatoire<\/h2><\/div><div class=\"fusion-separator fusion-full-width-sep\" style=\"align-self: center;margin-left: auto;margin-right: auto;margin-top:12px;margin-bottom:16px;width:100%;\"><div class=\"fusion-separator-border sep-single sep-solid\" style=\"border-color:#a61e34;border-top-width:1px;\"><\/div><\/div><div class=\"fusion-text fusion-text-1\"><h3 style=\"color: rgb(24, 27, 32); font-size: 12px; font-family: 'Work Sans'; font-weight: 500; --fontSize: 12; line-height: 1.32; --minFontSize: 12;\" data-fontsize=\"12\" data-lineheight=\"15.84px\" class=\"fusion-responsive-typography-calculated\">AVOCAT SP\u00c9CIALISTE DIVORCE ET PRESTATION COMPENSATOIRE MONTPELLIER<\/h3>\n<\/div><\/div><\/div><style type=\"text\/css\">.fusion-body .fusion-builder-column-1{width:66.666666666667% !important;margin-top : 0px;margin-bottom : 25px;}.fusion-builder-column-1 > .fusion-column-wrapper {padding-top : 0px !important;padding-right : 0px !important;margin-right : 2.88%;padding-bottom : 0px !important;padding-left : 0px !important;margin-left : 2.88%;}@media only screen and (max-width:1024px) {.fusion-body .fusion-builder-column-1{width:100% !important;}.fusion-builder-column-1 > .fusion-column-wrapper {margin-right : 1.92%;margin-left : 1.92%;}}@media only screen and (max-width:640px) {.fusion-body .fusion-builder-column-1{width:100% !important;}.fusion-builder-column-1 > .fusion-column-wrapper {margin-right : 1.92%;margin-left : 1.92%;}}<\/style><div class=\"fusion-layout-column fusion_builder_column fusion-builder-column-2 fusion_builder_column_1_6 1_6 fusion-flex-column fusion-no-small-visibility\"><div class=\"fusion-column-wrapper fusion-flex-justify-content-flex-start fusion-content-layout-column\" style=\"background-position:left top;background-repeat:no-repeat;-webkit-background-size:cover;-moz-background-size:cover;-o-background-size:cover;background-size:cover;padding: 0px 0px 0px 0px;\"><\/div><\/div><style type=\"text\/css\">.fusion-body .fusion-builder-column-2{width:16.666666666667% !important;margin-top : 0px;margin-bottom : 5px;}.fusion-builder-column-2 > .fusion-column-wrapper {padding-top : 0px !important;padding-right : 0px !important;margin-right : 11.52%;padding-bottom : 0px !important;padding-left : 0px !important;margin-left : 11.52%;}@media only screen and (max-width:1024px) {.fusion-body .fusion-builder-column-2{width:100% !important;}.fusion-builder-column-2 > .fusion-column-wrapper {margin-right : 1.92%;margin-left : 1.92%;}}@media only screen and (max-width:640px) {.fusion-body .fusion-builder-column-2{width:100% !important;}.fusion-builder-column-2 > .fusion-column-wrapper {margin-right : 1.92%;margin-left : 1.92%;}}<\/style><\/div><style type=\"text\/css\">.fusion-body .fusion-flex-container.fusion-builder-row-1{ padding-top : 0px;margin-top : -50px;padding-right : 0px;padding-bottom : 0px;margin-bottom : 0px;padding-left : 0px;}<\/style><\/div><div class=\"fusion-fullwidth fullwidth-box fusion-builder-row-2 fusion-flex-container nonhundred-percent-fullwidth non-hundred-percent-height-scrolling\" style=\"background-color: rgba(255,255,255,0);background-image:linear-gradient(0deg, #ffffff 0%,#ffffff 0%);background-position: center center;background-repeat: no-repeat;border-width: 0px 0px 0px 0px;border-color:#eae9e9;border-style:solid;\" ><div class=\"fusion-builder-row fusion-row fusion-flex-align-items-flex-start\" style=\"max-width:1320.8px;margin-left: calc(-4% \/ 2 );margin-right: calc(-4% \/ 2 );\"><div class=\"fusion-layout-column fusion_builder_column fusion-builder-column-3 fusion_builder_column_1_1 1_1 fusion-flex-column fusion-animated\" data-animationType=\"fadeIn\" data-animationDuration=\"0.3\" data-animationOffset=\"100%\"><div class=\"fusion-column-wrapper fusion-column-has-shadow fusion-flex-justify-content-flex-start fusion-content-layout-column\" style=\"background-position:left top;background-repeat:no-repeat;-webkit-background-size:cover;-moz-background-size:cover;-o-background-size:cover;background-size:cover;box-shadow:60px 60px 0px 0px #fafafa;;padding: 0px 0px 0px 0px;\"><div ><span class=\" fusion-imageframe imageframe-none imageframe-1 hover-type-none\"><img decoding=\"async\" width=\"2560\" image_height=\"1378\" image_id=\"2530\" alt=\"Avocat r\u00e9gimes matrimoniaux\" title=\"Demande de prestation compensatoire\" src=\"https:\/\/laville-padoin-avocats.fr\/wp-content\/uploads\/2020\/07\/Domaine7_2-compressed-2-scaled.jpg\" data-orig-src=\"https:\/\/laville-padoin-avocats.fr\/wp-content\/uploads\/2020\/07\/Domaine7_2-compressed-2-scaled.jpg\" class=\"lazyload img-responsive wp-image-2530\" srcset=\"data:image\/svg+xml,%3Csvg%20xmlns%3D%27http%3A%2F%2Fwww.w3.org%2F2000%2Fsvg%27%20width%3D%272560%27%20height%3D%271378%27%20viewBox%3D%270%200%202560%201378%27%3E%3Crect%20width%3D%272560%27%20height%3D%2731378%27%20fill-opacity%3D%220%22%2F%3E%3C%2Fsvg%3E\" data-srcset=\"https:\/\/laville-padoin-avocats.fr\/wp-content\/uploads\/2020\/07\/Domaine7_2-compressed-2-200x108.jpg 200w, https:\/\/laville-padoin-avocats.fr\/wp-content\/uploads\/2020\/07\/Domaine7_2-compressed-2-400x215.jpg 400w, https:\/\/laville-padoin-avocats.fr\/wp-content\/uploads\/2020\/07\/Domaine7_2-compressed-2-600x323.jpg 600w, https:\/\/laville-padoin-avocats.fr\/wp-content\/uploads\/2020\/07\/Domaine7_2-compressed-2-800x431.jpg 800w, https:\/\/laville-padoin-avocats.fr\/wp-content\/uploads\/2020\/07\/Domaine7_2-compressed-2-1200x646.jpg 1200w, https:\/\/laville-padoin-avocats.fr\/wp-content\/uploads\/2020\/07\/Domaine7_2-compressed-2-scaled.jpg 2560w\" data-sizes=\"auto\" data-orig-sizes=\"(max-width: 1024px) 100vw, (max-width: 640px) 100vw, 2560px\" \/><\/span><\/div><\/div><\/div><style type=\"text\/css\">.fusion-body .fusion-builder-column-3{width:100% !important;margin-top : 0px;margin-bottom : 0px;}.fusion-builder-column-3 > .fusion-column-wrapper {padding-top : 0px !important;padding-right : 0px !important;margin-right : 1.92%;padding-bottom : 0px !important;padding-left : 0px !important;margin-left : 1.92%;}@media only screen and (max-width:1024px) {.fusion-body .fusion-builder-column-3{width:100% !important;}.fusion-builder-column-3 > .fusion-column-wrapper {margin-right : 1.92%;margin-left : 1.92%;}}@media only screen and (max-width:640px) {.fusion-body .fusion-builder-column-3{width:100% !important;}.fusion-builder-column-3 > .fusion-column-wrapper {margin-right : 1.92%;margin-left : 1.92%;}}<\/style><\/div><style type=\"text\/css\">.fusion-builder-row-2{filter: opacity(100%);transition: filter 0.3s ease;}.fusion-builder-row-2:hover{filter: opacity(91%);}.fusion-body .fusion-flex-container.fusion-builder-row-2{ padding-top : 0%;margin-top : 0px;padding-right : 0px;padding-bottom : 2%;margin-bottom : 0px;padding-left : 0px;}<\/style><\/div><div class=\"fusion-fullwidth fullwidth-box fusion-builder-row-3 fusion-flex-container nonhundred-percent-fullwidth non-hundred-percent-height-scrolling\" style=\"background-color: rgba(255,255,255,0);background-position: center center;background-repeat: no-repeat;border-width: 0px 0px 0px 0px;border-color:#eae9e9;border-style:solid;\" ><div class=\"fusion-builder-row fusion-row fusion-flex-align-items-flex-start\" style=\"max-width:1320.8px;margin-left: calc(-4% \/ 2 );margin-right: calc(-4% \/ 2 );\"><div class=\"fusion-layout-column fusion_builder_column fusion-builder-column-4 fusion_builder_column_1_6 1_6 fusion-flex-column fusion-no-small-visibility\"><div class=\"fusion-column-wrapper fusion-flex-justify-content-flex-start fusion-content-layout-column\" style=\"background-position:left top;background-repeat:no-repeat;-webkit-background-size:cover;-moz-background-size:cover;-o-background-size:cover;background-size:cover;padding: 0px 0px 0px 0px;\"><\/div><\/div><style type=\"text\/css\">.fusion-body .fusion-builder-column-4{width:16.666666666667% !important;margin-top : 5px;margin-bottom : 0px;}.fusion-builder-column-4 > .fusion-column-wrapper {padding-top : 0px !important;padding-right : 0px !important;margin-right : 11.52%;padding-bottom : 0px !important;padding-left : 0px !important;margin-left : 11.52%;}@media only screen and (max-width:1024px) {.fusion-body .fusion-builder-column-4{width:100% !important;}.fusion-builder-column-4 > .fusion-column-wrapper {margin-right : 1.92%;margin-left : 1.92%;}}@media only screen and (max-width:640px) {.fusion-body .fusion-builder-column-4{width:100% !important;}.fusion-builder-column-4 > .fusion-column-wrapper {margin-right : 1.92%;margin-left : 1.92%;}}<\/style><div class=\"fusion-layout-column fusion_builder_column fusion-builder-column-5 fusion_builder_column_2_3 2_3 fusion-flex-column fusion-animated\" data-animationType=\"fadeIn\" data-animationDuration=\"0.3\" data-animationOffset=\"100%\"><div class=\"fusion-column-wrapper fusion-flex-justify-content-flex-start fusion-content-layout-column\" style=\"background-position:left top;background-repeat:no-repeat;-webkit-background-size:cover;-moz-background-size:cover;-o-background-size:cover;background-size:cover;padding: 0px 0px 0px 0px;\"><div class=\"fusion-text fusion-text-2\"><p>La prestation compensatoire a pour objet de <span style=\"font-family: 'Work Sans'; font-weight: 500;\" data-fusion-font=\"true\" data-fusion-google-font=\"Work Sans\" data-fusion-google-variant=\"500\">compenser la disparit\u00e9 que la rupture du mariage cr\u00e9e<\/span> dans les conditions de vie respectives des \u00e9poux.<\/p>\n<p>Elle a un caract\u00e8re forfaitaire et prend la forme d\u2019un versement en <span style=\"font-family: 'Work Sans'; font-weight: 500;\" data-fusion-font=\"true\" data-fusion-google-font=\"Work Sans\" data-fusion-google-variant=\"500\">capital<\/span> ou \u00e0 titre exceptionnel d\u2019une <span style=\"font-family: 'Work Sans'; font-weight: 500;\" data-fusion-font=\"true\" data-fusion-google-font=\"Work Sans\" data-fusion-google-variant=\"500\">rente viag\u00e8re<\/span>.<\/p>\n<p>Elle peut \u00e9galement \u00eatre mixte.<\/p>\n<p>Elle peut \u00eatre attribu\u00e9e par le jugement de divorce \u00e0 l\u2019un des \u00e9poux quelque soit la cause du divorce ou la r\u00e9partition des torts.<\/p>\n<p>N\u00e9anmoins, le juge peut la refuser lorsque le divorce a \u00e9t\u00e9 prononc\u00e9 aux torts exclusifs d\u2019un \u00e9poux.<\/p>\n<p>Les parties peuvent librement s\u2019accorder sur le montant, les modalit\u00e9s et la forme de la prestation compensatoire.<\/p>\n<p>Dans le cadre d\u2019un divorce par consentement mutuel, elle est pr\u00e9vue par la convention des \u00e9poux.<\/p>\n<p>Dans les autres cas de divorce, elle peut r\u00e9sulter d\u2019un accord qui sera alors homologu\u00e9 par le juge s\u2019il respecte les int\u00e9r\u00eats des parties et des enfants.<\/p>\n<p>En cas de d\u00e9saccord, il appartiendra au juge de la d\u00e9terminer.<\/p>\n<\/div><style type=\"text\/css\">@media only screen and (max-width:1024px) {.fusion-title.fusion-title-2{margin-top:20px!important;margin-bottom:25px!important;}}@media only screen and (max-width:640px) {.fusion-title.fusion-title-2{margin-top:8px!important;margin-bottom:16px!important;}}<\/style><div class=\"fusion-title title fusion-title-2 fusion-sep-none fusion-title-text fusion-title-size-three\" style=\"margin-top:20px;margin-bottom:25px;\"><h3 class=\"title-heading-left\" style=\"font-family:&quot;Work Sans&quot;;font-weight:300;margin:0;\">Le juge tiendra compte notamment de :<\/h3><\/div><ul class=\"fusion-checklist fusion-checklist-1\" style=\"font-size:14px;line-height:23.8px;\"><li class=\"fusion-li-item\"><span style=\"height:23.8px;width:23.8px;margin-right:9.8px;\" class=\"icon-wrapper circle-no\"><i class=\"fusion-li-icon fa-angle-right fas\" style=\"color:#a61e34;\" aria-hidden=\"true\"><\/i><\/span><div class=\"fusion-li-item-content\" style=\"margin-left:33.6px;\">\n<p>La dur\u00e9e du mariage<\/p>\n<\/div><\/li><li class=\"fusion-li-item\"><span style=\"height:23.8px;width:23.8px;margin-right:9.8px;\" class=\"icon-wrapper circle-no\"><i class=\"fusion-li-icon fa-angle-right fas\" style=\"color:#a61e34;\" aria-hidden=\"true\"><\/i><\/span><div class=\"fusion-li-item-content\" style=\"margin-left:33.6px;\">\n<p>L&rsquo;\u00e2ge et l&rsquo;\u00e9tat de sant\u00e9 de l&rsquo;\u00e9poux<\/p>\n<\/div><\/li><li class=\"fusion-li-item\"><span style=\"height:23.8px;width:23.8px;margin-right:9.8px;\" class=\"icon-wrapper circle-no\"><i class=\"fusion-li-icon fa-angle-right fas\" style=\"color:#a61e34;\" aria-hidden=\"true\"><\/i><\/span><div class=\"fusion-li-item-content\" style=\"margin-left:33.6px;\">\n<p>La situation professionnelle des \u00e9poux<\/p>\n<\/div><\/li><li class=\"fusion-li-item\"><span style=\"height:23.8px;width:23.8px;margin-right:9.8px;\" class=\"icon-wrapper circle-no\"><i class=\"fusion-li-icon fa-angle-right fas\" style=\"color:#a61e34;\" aria-hidden=\"true\"><\/i><\/span><div class=\"fusion-li-item-content\" style=\"margin-left:33.6px;\">\n<p>Les sacrifices faits par l\u2019un des \u00e9poux pendant la vie commune pour favoriser la carri\u00e8re professionnelle de l\u2019autre \u00e9poux ou pour l\u2019\u00e9ducation des enfants<\/p>\n<\/div><\/li><\/ul><div class=\"fusion-separator fusion-full-width-sep\" style=\"align-self: center;margin-left: auto;margin-right: auto;margin-top:15px;margin-bottom:15px;width:100%;\"><\/div><div class=\"fusion-text fusion-text-3\"><p>En cas de changement important dans la situation de l\u2019un des \u00e9poux (ch\u00f4mage, remariage du b\u00e9n\u00e9ficiaire,\u2026) la prestation compensatoire peut \u00eatre r\u00e9vis\u00e9e, suspendue ou supprim\u00e9e.<\/p>\n<p>La r\u00e9vision n\u2019est pas automatique et reste soumise \u00e0 l\u2019appr\u00e9ciation du juge au vu des circonstances de faits.<\/p>\n<\/div><div class=\"fusion-separator fusion-full-width-sep\" style=\"align-self: center;margin-left: auto;margin-right: auto;margin-top:15px;margin-bottom:10px;width:100%;\"><\/div><\/div><\/div><style type=\"text\/css\">.fusion-body .fusion-builder-column-5{width:66.666666666667% !important;margin-top : 25px;margin-bottom : 20px;}.fusion-builder-column-5 > .fusion-column-wrapper {padding-top : 0px !important;padding-right : 0px !important;margin-right : 2.88%;padding-bottom : 0px !important;padding-left : 0px !important;margin-left : 2.88%;}@media only screen and (max-width:1024px) {.fusion-body .fusion-builder-column-5{width:100% !important;}.fusion-builder-column-5 > .fusion-column-wrapper {margin-right : 1.92%;margin-left : 1.92%;}}@media only screen and (max-width:640px) {.fusion-body .fusion-builder-column-5{width:100% !important;}.fusion-builder-column-5 > .fusion-column-wrapper {margin-right : 1.92%;margin-left : 1.92%;}}<\/style><div class=\"fusion-layout-column fusion_builder_column fusion-builder-column-6 fusion_builder_column_1_6 1_6 fusion-flex-column fusion-no-small-visibility\"><div class=\"fusion-column-wrapper fusion-flex-justify-content-flex-start fusion-content-layout-column\" style=\"background-position:left top;background-repeat:no-repeat;-webkit-background-size:cover;-moz-background-size:cover;-o-background-size:cover;background-size:cover;padding: 0px 0px 0px 0px;\"><\/div><\/div><style type=\"text\/css\">.fusion-body .fusion-builder-column-6{width:16.666666666667% !important;margin-top : 5px;margin-bottom : 0px;}.fusion-builder-column-6 > .fusion-column-wrapper {padding-top : 0px !important;padding-right : 0px !important;margin-right : 11.52%;padding-bottom : 0px !important;padding-left : 0px !important;margin-left : 11.52%;}@media only screen and (max-width:1024px) {.fusion-body .fusion-builder-column-6{width:100% !important;}.fusion-builder-column-6 > .fusion-column-wrapper {margin-right : 1.92%;margin-left : 1.92%;}}@media only screen and (max-width:640px) {.fusion-body .fusion-builder-column-6{width:100% !important;}.fusion-builder-column-6 > .fusion-column-wrapper {margin-right : 1.92%;margin-left : 1.92%;}}<\/style><\/div><style type=\"text\/css\">.fusion-body .fusion-flex-container.fusion-builder-row-3{ padding-top : 36px;margin-top : 0px;padding-right : 0px;padding-bottom : 0px;margin-bottom : 0px;padding-left : 0px;}@media only screen and (max-width:1024px) {.fusion-body .fusion-flex-container.fusion-builder-row-3{ padding-top : 20px;padding-right : 30px;padding-left : 30px;}}@media only screen and (max-width:640px) {.fusion-body .fusion-flex-container.fusion-builder-row-3{ padding-right : 10px;padding-left : 10px;}}<\/style><\/div><\/p>\n","protected":false},"excerpt":{"rendered":"","protected":false},"author":1,"featured_media":0,"parent":0,"menu_order":0,"comment_status":"closed","ping_status":"closed","template":"","meta":{"footnotes":""},"class_list":["post-2466","page","type-page","status-publish","hentry"],"_links":{"self":[{"href":"https:\/\/laville-padoin-avocats.fr\/index.php?rest_route=\/wp\/v2\/pages\/2466","targetHints":{"allow":["GET"]}}],"collection":[{"href":"https:\/\/laville-padoin-avocats.fr\/index.php?rest_route=\/wp\/v2\/pages"}],"about":[{"href":"https:\/\/laville-padoin-avocats.fr\/index.php?rest_route=\/wp\/v2\/types\/page"}],"author":[{"embeddable":true,"href":"https:\/\/laville-padoin-avocats.fr\/index.php?rest_route=\/wp\/v2\/users\/1"}],"replies":[{"embeddable":true,"href":"https:\/\/laville-padoin-avocats.fr\/index.php?rest_route=%2Fwp%2Fv2%2Fcomments&post=2466"}],"version-history":[{"count":2,"href":"https:\/\/laville-padoin-avocats.fr\/index.php?rest_route=\/wp\/v2\/pages\/2466\/revisions"}],"predecessor-version":[{"id":2847,"href":"https:\/\/laville-padoin-avocats.fr\/index.php?rest_route=\/wp\/v2\/pages\/2466\/revisions\/2847"}],"wp:attachment":[{"href":"https:\/\/laville-padoin-avocats.fr\/index.php?rest_route=%2Fwp%2Fv2%2Fmedia&parent=2466"}],"curies":[{"name":"wp","href":"https:\/\/api.w.org\/{rel}","templated":true}]}}