{"id":2468,"date":"2020-07-30T12:19:09","date_gmt":"2020-07-30T10:19:09","guid":{"rendered":"https:\/\/laville-padoin-avocats.fr\/?page_id=2468"},"modified":"2023-12-15T18:00:25","modified_gmt":"2023-12-15T17:00:25","slug":"separation-hors-mariage","status":"publish","type":"page","link":"https:\/\/laville-padoin-avocats.fr\/?page_id=2468","title":{"rendered":"S\u00e9paration hors mariage"},"content":{"rendered":"<p><div class=\"fusion-fullwidth fullwidth-box fusion-builder-row-1 fusion-flex-container nonhundred-percent-fullwidth non-hundred-percent-height-scrolling\" style=\"background-color: rgba(255,255,255,0);background-position: center center;background-repeat: no-repeat;border-width: 0px 0px 0px 0px;border-color:#eae9e9;border-style:solid;\" ><div class=\"fusion-builder-row fusion-row fusion-flex-align-items-flex-start\" style=\"max-width:1320.8px;margin-left: calc(-4% \/ 2 );margin-right: calc(-4% \/ 2 );\"><div class=\"fusion-layout-column fusion_builder_column fusion-builder-column-0 fusion_builder_column_1_6 1_6 fusion-flex-column fusion-no-small-visibility\"><div class=\"fusion-column-wrapper fusion-flex-justify-content-flex-start fusion-content-layout-column\" style=\"background-position:left top;background-repeat:no-repeat;-webkit-background-size:cover;-moz-background-size:cover;-o-background-size:cover;background-size:cover;padding: 0px 0px 0px 0px;\"><\/div><\/div><style type=\"text\/css\">.fusion-body .fusion-builder-column-0{width:16.666666666667% !important;margin-top : 0px;margin-bottom : 5px;}.fusion-builder-column-0 > .fusion-column-wrapper {padding-top : 0px !important;padding-right : 0px !important;margin-right : 11.52%;padding-bottom : 0px !important;padding-left : 0px !important;margin-left : 11.52%;}@media only screen and (max-width:1024px) {.fusion-body .fusion-builder-column-0{width:100% !important;}.fusion-builder-column-0 > .fusion-column-wrapper {margin-right : 1.92%;margin-left : 1.92%;}}@media only screen and (max-width:640px) {.fusion-body .fusion-builder-column-0{width:100% !important;}.fusion-builder-column-0 > .fusion-column-wrapper {margin-right : 1.92%;margin-left : 1.92%;}}<\/style><div class=\"fusion-layout-column fusion_builder_column fusion-builder-column-1 fusion_builder_column_2_3 2_3 fusion-flex-column fusion-animated\" data-animationType=\"fadeIn\" data-animationDuration=\"0.3\" data-animationOffset=\"100%\"><div class=\"fusion-column-wrapper fusion-flex-justify-content-flex-start fusion-content-layout-column\" style=\"background-position:left top;background-repeat:no-repeat;-webkit-background-size:cover;-moz-background-size:cover;-o-background-size:cover;background-size:cover;padding: 0px 0px 0px 0px;\"><style type=\"text\/css\">@media only screen and (max-width:1024px) {.fusion-title.fusion-title-1{margin-top:0px!important;margin-bottom:16px!important;}}@media only screen and (max-width:640px) {.fusion-title.fusion-title-1{margin-top:0px!important;margin-bottom:16px!important;}}<\/style><div class=\"fusion-title title fusion-title-1 fusion-sep-none fusion-title-text fusion-title-size-two\" style=\"margin-top:0px;margin-bottom:16px;\"><h2 class=\"title-heading-left\" style=\"font-family:&quot;Work Sans&quot;;font-weight:300;margin:0;\">S\u00e9paration hors mariage<\/h2><\/div><div class=\"fusion-separator fusion-full-width-sep\" style=\"align-self: center;margin-left: auto;margin-right: auto;margin-top:12px;margin-bottom:16px;width:100%;\"><div class=\"fusion-separator-border sep-single sep-solid\" style=\"border-color:#a61e34;border-top-width:1px;\"><\/div><\/div><div class=\"fusion-text fusion-text-1\"><h3 style=\"color: rgb(24, 27, 32); font-size: 12px; font-family: 'Work Sans'; font-weight: 500; --fontSize: 12; line-height: 1.32; --minFontSize: 12;\" data-fontsize=\"12\" data-lineheight=\"15.84px\" class=\"fusion-responsive-typography-calculated\">AVOCAT SP\u00c9CIALISTE GARDE D&rsquo;ENFANTS, S\u00c9PARATION &amp; AFFAIRES FAMILIALES MONTPELLIER<\/h3>\n<\/div><\/div><\/div><style type=\"text\/css\">.fusion-body .fusion-builder-column-1{width:66.666666666667% !important;margin-top : 0px;margin-bottom : 25px;}.fusion-builder-column-1 > .fusion-column-wrapper {padding-top : 0px !important;padding-right : 0px !important;margin-right : 2.88%;padding-bottom : 0px !important;padding-left : 0px !important;margin-left : 2.88%;}@media only screen and (max-width:1024px) {.fusion-body .fusion-builder-column-1{width:100% !important;}.fusion-builder-column-1 > .fusion-column-wrapper {margin-right : 1.92%;margin-left : 1.92%;}}@media only screen and (max-width:640px) {.fusion-body .fusion-builder-column-1{width:100% !important;}.fusion-builder-column-1 > .fusion-column-wrapper {margin-right : 1.92%;margin-left : 1.92%;}}<\/style><div class=\"fusion-layout-column fusion_builder_column fusion-builder-column-2 fusion_builder_column_1_6 1_6 fusion-flex-column fusion-no-small-visibility\"><div class=\"fusion-column-wrapper fusion-flex-justify-content-flex-start fusion-content-layout-column\" style=\"background-position:left top;background-repeat:no-repeat;-webkit-background-size:cover;-moz-background-size:cover;-o-background-size:cover;background-size:cover;padding: 0px 0px 0px 0px;\"><\/div><\/div><style type=\"text\/css\">.fusion-body .fusion-builder-column-2{width:16.666666666667% !important;margin-top : 0px;margin-bottom : 5px;}.fusion-builder-column-2 > .fusion-column-wrapper {padding-top : 0px !important;padding-right : 0px !important;margin-right : 11.52%;padding-bottom : 0px !important;padding-left : 0px !important;margin-left : 11.52%;}@media only screen and (max-width:1024px) {.fusion-body .fusion-builder-column-2{width:100% !important;}.fusion-builder-column-2 > .fusion-column-wrapper {margin-right : 1.92%;margin-left : 1.92%;}}@media only screen and (max-width:640px) {.fusion-body .fusion-builder-column-2{width:100% !important;}.fusion-builder-column-2 > .fusion-column-wrapper {margin-right : 1.92%;margin-left : 1.92%;}}<\/style><\/div><style type=\"text\/css\">.fusion-body .fusion-flex-container.fusion-builder-row-1{ padding-top : 0px;margin-top : -50px;padding-right : 0px;padding-bottom : 0px;margin-bottom : 0px;padding-left : 0px;}<\/style><\/div><div class=\"fusion-fullwidth fullwidth-box fusion-builder-row-2 fusion-flex-container nonhundred-percent-fullwidth non-hundred-percent-height-scrolling\" style=\"background-color: rgba(255,255,255,0);background-image:linear-gradient(0deg, #ffffff 0%,#ffffff 0%);background-position: center center;background-repeat: no-repeat;border-width: 0px 0px 0px 0px;border-color:#eae9e9;border-style:solid;\" ><div class=\"fusion-builder-row fusion-row fusion-flex-align-items-flex-start\" style=\"max-width:1320.8px;margin-left: calc(-4% \/ 2 );margin-right: calc(-4% \/ 2 );\"><div class=\"fusion-layout-column fusion_builder_column fusion-builder-column-3 fusion_builder_column_1_1 1_1 fusion-flex-column fusion-animated\" data-animationType=\"fadeIn\" data-animationDuration=\"0.3\" data-animationOffset=\"100%\"><div class=\"fusion-column-wrapper fusion-column-has-shadow fusion-flex-justify-content-flex-start fusion-content-layout-column\" style=\"background-position:left top;background-repeat:no-repeat;-webkit-background-size:cover;-moz-background-size:cover;-o-background-size:cover;background-size:cover;box-shadow:60px 60px 0px 0px #fafafa;;padding: 0px 0px 0px 0px;\"><div ><span class=\" fusion-imageframe imageframe-none imageframe-1 hover-type-zoomin\"><img decoding=\"async\" width=\"2560\" image_height=\"1378\" image_id=\"2532\" alt=\"Avocat s\u00e9paration Montpellier\" title=\"S\u00e9paration hors mariage\" src=\"https:\/\/laville-padoin-avocats.fr\/wp-content\/uploads\/2020\/07\/Domaine8_2-compressed-2-scaled.jpg\" data-orig-src=\"https:\/\/laville-padoin-avocats.fr\/wp-content\/uploads\/2020\/07\/Domaine8_2-compressed-2-scaled.jpg\" class=\"lazyload img-responsive wp-image-2532\" srcset=\"data:image\/svg+xml,%3Csvg%20xmlns%3D%27http%3A%2F%2Fwww.w3.org%2F2000%2Fsvg%27%20width%3D%272560%27%20height%3D%271378%27%20viewBox%3D%270%200%202560%201378%27%3E%3Crect%20width%3D%272560%27%20height%3D%2731378%27%20fill-opacity%3D%220%22%2F%3E%3C%2Fsvg%3E\" data-srcset=\"https:\/\/laville-padoin-avocats.fr\/wp-content\/uploads\/2020\/07\/Domaine8_2-compressed-2-200x108.jpg 200w, https:\/\/laville-padoin-avocats.fr\/wp-content\/uploads\/2020\/07\/Domaine8_2-compressed-2-400x215.jpg 400w, https:\/\/laville-padoin-avocats.fr\/wp-content\/uploads\/2020\/07\/Domaine8_2-compressed-2-600x323.jpg 600w, https:\/\/laville-padoin-avocats.fr\/wp-content\/uploads\/2020\/07\/Domaine8_2-compressed-2-800x431.jpg 800w, https:\/\/laville-padoin-avocats.fr\/wp-content\/uploads\/2020\/07\/Domaine8_2-compressed-2-1200x646.jpg 1200w, https:\/\/laville-padoin-avocats.fr\/wp-content\/uploads\/2020\/07\/Domaine8_2-compressed-2-scaled.jpg 2560w\" data-sizes=\"auto\" data-orig-sizes=\"(max-width: 1024px) 100vw, (max-width: 640px) 100vw, 2560px\" \/><\/span><\/div><\/div><\/div><style type=\"text\/css\">.fusion-body .fusion-builder-column-3{width:100% !important;margin-top : 0px;margin-bottom : 0px;}.fusion-builder-column-3 > .fusion-column-wrapper {padding-top : 0px !important;padding-right : 0px !important;margin-right : 1.92%;padding-bottom : 0px !important;padding-left : 0px !important;margin-left : 1.92%;}@media only screen and (max-width:1024px) {.fusion-body .fusion-builder-column-3{width:100% !important;}.fusion-builder-column-3 > .fusion-column-wrapper {margin-right : 1.92%;margin-left : 1.92%;}}@media only screen and (max-width:640px) {.fusion-body .fusion-builder-column-3{width:100% !important;}.fusion-builder-column-3 > .fusion-column-wrapper {margin-right : 1.92%;margin-left : 1.92%;}}<\/style><\/div><style type=\"text\/css\">.fusion-builder-row-2{filter: opacity(100%);transition: filter 0.3s ease;}.fusion-builder-row-2:hover{filter: opacity(91%);}.fusion-body .fusion-flex-container.fusion-builder-row-2{ padding-top : 0%;margin-top : 0px;padding-right : 0px;padding-bottom : 2%;margin-bottom : 0px;padding-left : 0px;}<\/style><\/div><div class=\"fusion-fullwidth fullwidth-box fusion-builder-row-3 fusion-flex-container nonhundred-percent-fullwidth non-hundred-percent-height-scrolling\" style=\"background-color: rgba(255,255,255,0);background-position: center center;background-repeat: no-repeat;border-width: 0px 0px 0px 0px;border-color:#eae9e9;border-style:solid;\" ><div class=\"fusion-builder-row fusion-row fusion-flex-align-items-flex-start\" style=\"max-width:1320.8px;margin-left: calc(-4% \/ 2 );margin-right: calc(-4% \/ 2 );\"><div class=\"fusion-layout-column fusion_builder_column fusion-builder-column-4 fusion_builder_column_1_6 1_6 fusion-flex-column fusion-no-small-visibility\"><div class=\"fusion-column-wrapper fusion-flex-justify-content-flex-start fusion-content-layout-column\" style=\"background-position:left top;background-repeat:no-repeat;-webkit-background-size:cover;-moz-background-size:cover;-o-background-size:cover;background-size:cover;padding: 0px 0px 0px 0px;\"><\/div><\/div><style type=\"text\/css\">.fusion-body .fusion-builder-column-4{width:16.666666666667% !important;margin-top : 5px;margin-bottom : 0px;}.fusion-builder-column-4 > .fusion-column-wrapper {padding-top : 0px !important;padding-right : 0px !important;margin-right : 11.52%;padding-bottom : 0px !important;padding-left : 0px !important;margin-left : 11.52%;}@media only screen and (max-width:1024px) {.fusion-body .fusion-builder-column-4{width:100% !important;}.fusion-builder-column-4 > .fusion-column-wrapper {margin-right : 1.92%;margin-left : 1.92%;}}@media only screen and (max-width:640px) {.fusion-body .fusion-builder-column-4{width:100% !important;}.fusion-builder-column-4 > .fusion-column-wrapper {margin-right : 1.92%;margin-left : 1.92%;}}<\/style><div class=\"fusion-layout-column fusion_builder_column fusion-builder-column-5 fusion_builder_column_2_3 2_3 fusion-flex-column fusion-animated\" data-animationType=\"fadeIn\" data-animationDuration=\"0.3\" data-animationOffset=\"100%\"><div class=\"fusion-column-wrapper fusion-flex-justify-content-flex-start fusion-content-layout-column\" style=\"background-position:left top;background-repeat:no-repeat;-webkit-background-size:cover;-moz-background-size:cover;-o-background-size:cover;background-size:cover;padding: 0px 0px 0px 0px;\"><style type=\"text\/css\">@media only screen and (max-width:1024px) {.fusion-title.fusion-title-2{margin-top:20px!important;margin-bottom:25px!important;}}@media only screen and (max-width:640px) {.fusion-title.fusion-title-2{margin-top:8px!important;margin-bottom:16px!important;}}<\/style><div class=\"fusion-title title fusion-title-2 fusion-sep-none fusion-title-text fusion-title-size-three\" style=\"margin-top:20px;margin-bottom:25px;\"><h3 class=\"title-heading-left\" style=\"font-family:&quot;Work Sans&quot;;font-weight:300;margin:0;\">PACS<\/h3><\/div><div class=\"fusion-text fusion-text-2\"><p>Certains conjoints ne veulent pas ou ne peuvent pas s\u2019engager dans les liens du mariage, ils veulent alors \u00e9tablir un PACS, ou veulent rompre celui-ci.<\/p>\n<p>Le PACS est un contrat que l\u2019on oppose au mariage, institution.<\/p>\n<p>Le PACS a \u00e9t\u00e9 int\u00e9gralement modifi\u00e9 en 2006, et les r\u00e8gles pos\u00e9es le rapprochent de plus en plus du mariage en y empruntant des droits et devoirs entre \u00e9poux les plus classiques : aide, secours et assistance.<\/p>\n<p>Le PACS devra \u00eatre enregistr\u00e9 au greffe du Tribunal d\u2019instance du lieu o\u00f9 les pacs\u00e9s fixeront leur r\u00e9sidence.<\/p>\n<p>S\u2019agissant d\u2019un contrat, les pacs\u00e9s peuvent pr\u00e9voir des r\u00e8gles qu\u2019ils veulent appliquer.<\/p>\n<p style=\"font-family: 'Work Sans'; font-weight: 500;\" data-fusion-font=\"true\" data-fusion-google-font=\"Work Sans\" data-fusion-google-variant=\"500\">La dissolution du PACS peut r\u00e9sulter soit d\u2019un commun accord, soit \u00eatre d\u00e9nonc\u00e9e de mani\u00e8re unilat\u00e9rale.<\/p>\n<p>Ainsi, le partenaire qui d\u00e9cide de rompre unilat\u00e9ralement le PACS le fera signifier \u00e0 l\u2019autre par voie d\u2019huissier de justice.<\/p>\n<p>Il a \u00e9t\u00e9 jug\u00e9 que la dissolution unilat\u00e9rale du PACS par l\u2019un des partenaires n\u2019\u00e9quivaut pas \u00e0 une r\u00e9pudiation unilat\u00e9rale, selon le Conseil constitutionnel, puisque le PACS n\u2019est pas un mariage mais un contrat de droit priv\u00e9 \u00e0 dur\u00e9e ind\u00e9termin\u00e9e qui peut donc \u00eatre r\u00e9sili\u00e9 librement et unilat\u00e9ralement (Cons Cons, 9 nov 1999, n\u00b099-419, DC,JO16 nov).<\/p>\n<\/div><style type=\"text\/css\">@media only screen and (max-width:1024px) {.fusion-title.fusion-title-3{margin-top:20px!important;margin-bottom:25px!important;}}@media only screen and (max-width:640px) {.fusion-title.fusion-title-3{margin-top:8px!important;margin-bottom:16px!important;}}<\/style><div class=\"fusion-title title fusion-title-3 fusion-sep-none fusion-title-text fusion-title-size-three\" style=\"margin-top:20px;margin-bottom:25px;\"><h3 class=\"title-heading-left\" style=\"font-family:&quot;Work Sans&quot;;font-weight:300;margin:0;\">Concubinage<\/h3><\/div><div class=\"fusion-text fusion-text-3\"><p>Le concubinage est une union de fait entre deux personnes, caract\u00e9ris\u00e9e par une vie commune pr\u00e9sentant un caract\u00e8re de stabilit\u00e9 et de continuit\u00e9.<\/p>\n<p>Certaines mairies d\u00e9livrent des certificats de concubinage qui n\u2019ont cependant aucune valeur juridique.<\/p>\n<p>Contrairement aux \u00e9poux ou m\u00eame aux pacs\u00e9s, il n\u2019existe aucune obligation de contribution aux charges du m\u00e9nage.<\/p>\n<p>Les concubins sont consid\u00e9r\u00e9s comme deux personnes \u00e9trang\u00e8res, ils n\u2019ont aucune vocation successorale entre eux.<\/p>\n<p>A la dissolution du lien conjugal, il n\u2019y a pas de compensation financi\u00e8re.<\/p>\n<p>Cependant, dans le cas o\u00f9 le concubin abandonne sa compagne sans ressources, la jurisprudence a admis dans certains cas l\u2019existence d\u2019une obligation naturelle \u00e0 la charge du concubin, qui se mue en obligation civile (par exemple, apr\u00e8s la rupture, le fait de verser des sommes d\u2019argent \u00e0 la concubine peut \u00eatre analys\u00e9 comme une obligation morale).<\/p>\n<\/div><\/div><\/div><style type=\"text\/css\">.fusion-body .fusion-builder-column-5{width:66.666666666667% !important;margin-top : 25px;margin-bottom : 20px;}.fusion-builder-column-5 > .fusion-column-wrapper {padding-top : 0px !important;padding-right : 0px !important;margin-right : 2.88%;padding-bottom : 0px !important;padding-left : 0px !important;margin-left : 2.88%;}@media only screen and (max-width:1024px) {.fusion-body .fusion-builder-column-5{width:100% !important;}.fusion-builder-column-5 > .fusion-column-wrapper {margin-right : 1.92%;margin-left : 1.92%;}}@media only screen and (max-width:640px) {.fusion-body .fusion-builder-column-5{width:100% !important;}.fusion-builder-column-5 > .fusion-column-wrapper {margin-right : 1.92%;margin-left : 1.92%;}}<\/style><div class=\"fusion-layout-column fusion_builder_column fusion-builder-column-6 fusion_builder_column_1_6 1_6 fusion-flex-column fusion-no-small-visibility\"><div class=\"fusion-column-wrapper fusion-flex-justify-content-flex-start fusion-content-layout-column\" style=\"background-position:left top;background-repeat:no-repeat;-webkit-background-size:cover;-moz-background-size:cover;-o-background-size:cover;background-size:cover;padding: 0px 0px 0px 0px;\"><\/div><\/div><style type=\"text\/css\">.fusion-body .fusion-builder-column-6{width:16.666666666667% !important;margin-top : 5px;margin-bottom : 0px;}.fusion-builder-column-6 > .fusion-column-wrapper {padding-top : 0px !important;padding-right : 0px !important;margin-right : 11.52%;padding-bottom : 0px !important;padding-left : 0px !important;margin-left : 11.52%;}@media only screen and (max-width:1024px) {.fusion-body .fusion-builder-column-6{width:100% !important;}.fusion-builder-column-6 > .fusion-column-wrapper {margin-right : 1.92%;margin-left : 1.92%;}}@media only screen and (max-width:640px) {.fusion-body .fusion-builder-column-6{width:100% !important;}.fusion-builder-column-6 > .fusion-column-wrapper {margin-right : 1.92%;margin-left : 1.92%;}}<\/style><\/div><style type=\"text\/css\">.fusion-body .fusion-flex-container.fusion-builder-row-3{ padding-top : 36px;margin-top : 0px;padding-right : 0px;padding-bottom : 0px;margin-bottom : 0px;padding-left : 0px;}@media only screen and (max-width:1024px) {.fusion-body .fusion-flex-container.fusion-builder-row-3{ padding-top : 20px;padding-right : 30px;padding-left : 30px;}}@media only screen and (max-width:640px) {.fusion-body .fusion-flex-container.fusion-builder-row-3{ padding-right : 10px;padding-left : 10px;}}<\/style><\/div><\/p>\n","protected":false},"excerpt":{"rendered":"","protected":false},"author":1,"featured_media":0,"parent":0,"menu_order":0,"comment_status":"closed","ping_status":"closed","template":"","meta":{"footnotes":""},"class_list":["post-2468","page","type-page","status-publish","hentry"],"_links":{"self":[{"href":"https:\/\/laville-padoin-avocats.fr\/index.php?rest_route=\/wp\/v2\/pages\/2468","targetHints":{"allow":["GET"]}}],"collection":[{"href":"https:\/\/laville-padoin-avocats.fr\/index.php?rest_route=\/wp\/v2\/pages"}],"about":[{"href":"https:\/\/laville-padoin-avocats.fr\/index.php?rest_route=\/wp\/v2\/types\/page"}],"author":[{"embeddable":true,"href":"https:\/\/laville-padoin-avocats.fr\/index.php?rest_route=\/wp\/v2\/users\/1"}],"replies":[{"embeddable":true,"href":"https:\/\/laville-padoin-avocats.fr\/index.php?rest_route=%2Fwp%2Fv2%2Fcomments&post=2468"}],"version-history":[{"count":2,"href":"https:\/\/laville-padoin-avocats.fr\/index.php?rest_route=\/wp\/v2\/pages\/2468\/revisions"}],"predecessor-version":[{"id":2848,"href":"https:\/\/laville-padoin-avocats.fr\/index.php?rest_route=\/wp\/v2\/pages\/2468\/revisions\/2848"}],"wp:attachment":[{"href":"https:\/\/laville-padoin-avocats.fr\/index.php?rest_route=%2Fwp%2Fv2%2Fmedia&parent=2468"}],"curies":[{"name":"wp","href":"https:\/\/api.w.org\/{rel}","templated":true}]}}